{"id":22084,"date":"2025-10-09T18:23:08","date_gmt":"2025-10-09T16:23:08","guid":{"rendered":"https:\/\/magicartvalley.com\/?post_type=product&#038;p=22084"},"modified":"2025-11-16T19:10:20","modified_gmt":"2025-11-16T18:10:20","slug":"pingwin-ze-sluchawkami-flexi-brelok","status":"publish","type":"product","link":"https:\/\/magicartvalley.com\/index.php\/pingwin-ze-sluchawkami-flexi-brelok\/","title":{"rendered":"Pingwin ze S\u0142uchawkami Flexi &#8211; Brelok"},"content":{"rendered":"<p>Elastyczny brelok 3D z PLA przedstawiaj\u0105cy pingwina z muzycznym akcentem.<br \/>\n\u2022 Ruchoma konstrukcja 3D.<br \/>\n\u2022 Lekki, elastyczny i trwa\u0142y.<br \/>\n\u2022 Idealny dla fan\u00f3w muzyki i nietypowych gad\u017cet\u00f3w.<br \/>\nPingwin w s\u0142uchawkach to brelok z prawdziwym rytmem.<\/p>\n","protected":false},"excerpt":{"rendered":"<p>Elastyczny brelok 3D z PLA przedstawiaj\u0105cy pingwina z muzycznym akcentem. \u2022 Ruchoma konstrukcja 3D. \u2022 Lekki, elastyczny i trwa\u0142y. \u2022 Idealny dla fan\u00f3w muzyki i nietypowych gad\u017cet\u00f3w. Pingwin w s\u0142uchawkach to brelok z prawdziwym rytmem.<\/p>\n","protected":false},"featured_media":22085,"template":"","meta":[],"product_brand":[],"product_cat":[89],"product_tag":[2372,2376,2377,2382],"class_list":{"0":"post-22084","1":"product","2":"type-product","3":"status-publish","4":"has-post-thumbnail","6":"product_cat-breloki","7":"product_tag-brelok","8":"product_tag-flexi","9":"product_tag-pingwin","10":"product_tag-prezent","12":"first","13":"instock","14":"shipping-taxable","15":"purchasable","16":"product-type-simple"},"_links":{"self":[{"href":"https:\/\/magicartvalley.com\/index.php\/wp-json\/wp\/v2\/product\/22084","targetHints":{"allow":["GET"]}}],"collection":[{"href":"https:\/\/magicartvalley.com\/index.php\/wp-json\/wp\/v2\/product"}],"about":[{"href":"https:\/\/magicartvalley.com\/index.php\/wp-json\/wp\/v2\/types\/product"}],"version-history":[{"count":2,"href":"https:\/\/magicartvalley.com\/index.php\/wp-json\/wp\/v2\/product\/22084\/revisions"}],"predecessor-version":[{"id":23878,"href":"https:\/\/magicartvalley.com\/index.php\/wp-json\/wp\/v2\/product\/22084\/revisions\/23878"}],"wp:featuredmedia":[{"embeddable":true,"href":"https:\/\/magicartvalley.com\/index.php\/wp-json\/wp\/v2\/media\/22085"}],"wp:attachment":[{"href":"https:\/\/magicartvalley.com\/index.php\/wp-json\/wp\/v2\/media?parent=22084"}],"wp:term":[{"taxonomy":"product_brand","embeddable":true,"href":"https:\/\/magicartvalley.com\/index.php\/wp-json\/wp\/v2\/product_brand?post=22084"},{"taxonomy":"product_cat","embeddable":true,"href":"https:\/\/magicartvalley.com\/index.php\/wp-json\/wp\/v2\/product_cat?post=22084"},{"taxonomy":"product_tag","embeddable":true,"href":"https:\/\/magicartvalley.com\/index.php\/wp-json\/wp\/v2\/product_tag?post=22084"}],"curies":[{"name":"wp","href":"https:\/\/api.w.org\/{rel}","templated":true}]}}