{"id":22088,"date":"2025-10-09T18:22:05","date_gmt":"2025-10-09T16:22:05","guid":{"rendered":"https:\/\/magicartvalley.com\/?post_type=product&#038;p=22088"},"modified":"2025-11-16T19:10:38","modified_gmt":"2025-11-16T18:10:38","slug":"walentynkowy-mis-flexi-brelok","status":"publish","type":"product","link":"https:\/\/magicartvalley.com\/index.php\/walentynkowy-mis-flexi-brelok\/","title":{"rendered":"Walentynkowy Mi\u015b Flexi &#8211; Brelok"},"content":{"rendered":"<p>Uroczy brelok 3D z PLA w formie flexi misia z serduszkiem.<br \/>\n\u2022 Ruchome elementy i elastyczny design.<br \/>\n\u2022 Lekki i przyjemny w dotyku.<br \/>\n\u2022 Doskona\u0142y prezent na Walentynki.<br \/>\nTen mi\u015b rozczuli ka\u017cdego zakochanego.<\/p>\n","protected":false},"excerpt":{"rendered":"<p>Uroczy brelok 3D z PLA w formie flexi misia z serduszkiem. \u2022 Ruchome elementy i elastyczny design. \u2022 Lekki i przyjemny w dotyku. \u2022 Doskona\u0142y prezent na Walentynki. Ten mi\u015b rozczuli ka\u017cdego zakochanego.<\/p>\n","protected":false},"featured_media":22089,"template":"","meta":[],"product_brand":[],"product_cat":[89],"product_tag":[2372,2376,2381,2382,2380],"class_list":{"0":"post-22088","1":"product","2":"type-product","3":"status-publish","4":"has-post-thumbnail","6":"product_cat-breloki","7":"product_tag-brelok","8":"product_tag-flexi","9":"product_tag-mis","10":"product_tag-prezent","11":"product_tag-walentynki","13":"first","14":"instock","15":"shipping-taxable","16":"purchasable","17":"product-type-simple"},"_links":{"self":[{"href":"https:\/\/magicartvalley.com\/index.php\/wp-json\/wp\/v2\/product\/22088","targetHints":{"allow":["GET"]}}],"collection":[{"href":"https:\/\/magicartvalley.com\/index.php\/wp-json\/wp\/v2\/product"}],"about":[{"href":"https:\/\/magicartvalley.com\/index.php\/wp-json\/wp\/v2\/types\/product"}],"version-history":[{"count":2,"href":"https:\/\/magicartvalley.com\/index.php\/wp-json\/wp\/v2\/product\/22088\/revisions"}],"predecessor-version":[{"id":23879,"href":"https:\/\/magicartvalley.com\/index.php\/wp-json\/wp\/v2\/product\/22088\/revisions\/23879"}],"wp:featuredmedia":[{"embeddable":true,"href":"https:\/\/magicartvalley.com\/index.php\/wp-json\/wp\/v2\/media\/22089"}],"wp:attachment":[{"href":"https:\/\/magicartvalley.com\/index.php\/wp-json\/wp\/v2\/media?parent=22088"}],"wp:term":[{"taxonomy":"product_brand","embeddable":true,"href":"https:\/\/magicartvalley.com\/index.php\/wp-json\/wp\/v2\/product_brand?post=22088"},{"taxonomy":"product_cat","embeddable":true,"href":"https:\/\/magicartvalley.com\/index.php\/wp-json\/wp\/v2\/product_cat?post=22088"},{"taxonomy":"product_tag","embeddable":true,"href":"https:\/\/magicartvalley.com\/index.php\/wp-json\/wp\/v2\/product_tag?post=22088"}],"curies":[{"name":"wp","href":"https:\/\/api.w.org\/{rel}","templated":true}]}}