{"id":22177,"date":"2025-10-09T18:14:20","date_gmt":"2025-10-09T16:14:20","guid":{"rendered":"https:\/\/magicartvalley.com\/?post_type=product&#038;p=22177"},"modified":"2025-11-16T19:18:27","modified_gmt":"2025-11-16T18:18:27","slug":"flexi-panda-brelok","status":"publish","type":"product","link":"https:\/\/magicartvalley.com\/index.php\/flexi-panda-brelok\/","title":{"rendered":"Flexi Panda &#8211; Brelok"},"content":{"rendered":"<p>Elastyczny brelok 3D z PLA w kszta\u0142cie s\u0142odkiej pandy.<br \/>\n\u2022 Ruchoma konstrukcja flexi.<br \/>\n\u2022 Trwa\u0142y druk 3D o mi\u0119kkiej strukturze.<br \/>\n\u2022 Idealny gad\u017cet dla fan\u00f3w zwierzak\u00f3w.<br \/>\nPanda Flexi doda uroku Twojemu klucznikowi.<\/p>\n","protected":false},"excerpt":{"rendered":"<p>Elastyczny brelok 3D z PLA w kszta\u0142cie s\u0142odkiej pandy. \u2022 Ruchoma konstrukcja flexi. \u2022 Trwa\u0142y druk 3D o mi\u0119kkiej strukturze. \u2022 Idealny gad\u017cet dla fan\u00f3w zwierzak\u00f3w. Panda Flexi doda uroku Twojemu klucznikowi.<\/p>\n","protected":false},"featured_media":22178,"template":"","meta":[],"product_brand":[],"product_cat":[89],"product_tag":[2372,2376,2395,2382],"class_list":{"0":"post-22177","1":"product","2":"type-product","3":"status-publish","4":"has-post-thumbnail","6":"product_cat-breloki","7":"product_tag-brelok","8":"product_tag-flexi","9":"product_tag-panda","10":"product_tag-prezent","12":"first","13":"instock","14":"shipping-taxable","15":"purchasable","16":"product-type-simple"},"_links":{"self":[{"href":"https:\/\/magicartvalley.com\/index.php\/wp-json\/wp\/v2\/product\/22177","targetHints":{"allow":["GET"]}}],"collection":[{"href":"https:\/\/magicartvalley.com\/index.php\/wp-json\/wp\/v2\/product"}],"about":[{"href":"https:\/\/magicartvalley.com\/index.php\/wp-json\/wp\/v2\/types\/product"}],"version-history":[{"count":2,"href":"https:\/\/magicartvalley.com\/index.php\/wp-json\/wp\/v2\/product\/22177\/revisions"}],"predecessor-version":[{"id":23889,"href":"https:\/\/magicartvalley.com\/index.php\/wp-json\/wp\/v2\/product\/22177\/revisions\/23889"}],"wp:featuredmedia":[{"embeddable":true,"href":"https:\/\/magicartvalley.com\/index.php\/wp-json\/wp\/v2\/media\/22178"}],"wp:attachment":[{"href":"https:\/\/magicartvalley.com\/index.php\/wp-json\/wp\/v2\/media?parent=22177"}],"wp:term":[{"taxonomy":"product_brand","embeddable":true,"href":"https:\/\/magicartvalley.com\/index.php\/wp-json\/wp\/v2\/product_brand?post=22177"},{"taxonomy":"product_cat","embeddable":true,"href":"https:\/\/magicartvalley.com\/index.php\/wp-json\/wp\/v2\/product_cat?post=22177"},{"taxonomy":"product_tag","embeddable":true,"href":"https:\/\/magicartvalley.com\/index.php\/wp-json\/wp\/v2\/product_tag?post=22177"}],"curies":[{"name":"wp","href":"https:\/\/api.w.org\/{rel}","templated":true}]}}