{"id":22565,"date":"2025-10-09T18:02:46","date_gmt":"2025-10-09T16:02:46","guid":{"rendered":"https:\/\/magicartvalley.com\/?post_type=product&#038;p=22565"},"modified":"2025-12-03T10:10:07","modified_gmt":"2025-12-03T09:10:07","slug":"rolling-stones-brelok","status":"publish","type":"product","link":"https:\/\/magicartvalley.com\/index.php\/rolling-stones-brelok\/","title":{"rendered":"Rolling Stones &#8211; Brelok"},"content":{"rendered":"<p>Brelok 2D z PLA i \u017cywicy z kultowym logo Rolling Stones.<br \/>\n\u2022 Stylowy design rockowy.<br \/>\n\u2022 Trwa\u0142y, odporny na \u015bcieranie materia\u0142.<br \/>\n\u2022 Idealny dla fan\u00f3w muzyki.<br \/>\nBrelok, kt\u00f3ry krzyczy \u201erock\u2019n\u2019roll\u201d przy ka\u017cdym kluczu.<\/p>\n","protected":false},"excerpt":{"rendered":"<p>Brelok 2D z PLA i \u017cywicy z kultowym logo Rolling Stones. \u2022 Stylowy design rockowy. \u2022 Trwa\u0142y, odporny na \u015bcieranie materia\u0142. \u2022 Idealny dla fan\u00f3w muzyki. Brelok, kt\u00f3ry krzyczy \u201erock\u2019n\u2019roll\u201d przy ka\u017cdym kluczu.<\/p>\n","protected":false},"featured_media":22566,"template":"","meta":[],"product_brand":[],"product_cat":[89],"product_tag":[2372,2382,2373],"class_list":{"0":"post-22565","1":"product","2":"type-product","3":"status-publish","4":"has-post-thumbnail","6":"product_cat-breloki","7":"product_tag-brelok","8":"product_tag-prezent","9":"product_tag-rolling-stones","11":"first","12":"instock","13":"shipping-taxable","14":"purchasable","15":"product-type-simple"},"_links":{"self":[{"href":"https:\/\/magicartvalley.com\/index.php\/wp-json\/wp\/v2\/product\/22565","targetHints":{"allow":["GET"]}}],"collection":[{"href":"https:\/\/magicartvalley.com\/index.php\/wp-json\/wp\/v2\/product"}],"about":[{"href":"https:\/\/magicartvalley.com\/index.php\/wp-json\/wp\/v2\/types\/product"}],"version-history":[{"count":2,"href":"https:\/\/magicartvalley.com\/index.php\/wp-json\/wp\/v2\/product\/22565\/revisions"}],"predecessor-version":[{"id":23898,"href":"https:\/\/magicartvalley.com\/index.php\/wp-json\/wp\/v2\/product\/22565\/revisions\/23898"}],"wp:featuredmedia":[{"embeddable":true,"href":"https:\/\/magicartvalley.com\/index.php\/wp-json\/wp\/v2\/media\/22566"}],"wp:attachment":[{"href":"https:\/\/magicartvalley.com\/index.php\/wp-json\/wp\/v2\/media?parent=22565"}],"wp:term":[{"taxonomy":"product_brand","embeddable":true,"href":"https:\/\/magicartvalley.com\/index.php\/wp-json\/wp\/v2\/product_brand?post=22565"},{"taxonomy":"product_cat","embeddable":true,"href":"https:\/\/magicartvalley.com\/index.php\/wp-json\/wp\/v2\/product_cat?post=22565"},{"taxonomy":"product_tag","embeddable":true,"href":"https:\/\/magicartvalley.com\/index.php\/wp-json\/wp\/v2\/product_tag?post=22565"}],"curies":[{"name":"wp","href":"https:\/\/api.w.org\/{rel}","templated":true}]}}