{"id":23005,"date":"2025-10-06T14:55:46","date_gmt":"2025-10-06T12:55:46","guid":{"rendered":"https:\/\/magicartvalley.com\/?post_type=product&#038;p=23005"},"modified":"2025-11-16T19:18:33","modified_gmt":"2025-11-16T18:18:33","slug":"indifferent-duck-nft-magnes","status":"publish","type":"product","link":"https:\/\/magicartvalley.com\/index.php\/indifferent-duck-nft-magnes\/","title":{"rendered":"Indifferent Duck &#8211; NFT Magnes"},"content":{"rendered":"<p>Magnes inspirowany NFT \u201eIndifferent Duck\u201d.<br \/>\n\u2022 Nowoczesny design w \u017cywicy i PLA.<br \/>\n\u2022 Zawiera mocny magnes neodymowy.<br \/>\n\u2022 Idealny dla kolekcjoner\u00f3w i fan\u00f3w mem\u00f3w.<br \/>\nKultowa kaczka w wersji premium \u2013 dla koneser\u00f3w humoru.<\/p>\n","protected":false},"excerpt":{"rendered":"<p>Magnes inspirowany NFT \u201eIndifferent Duck\u201d. \u2022 Nowoczesny design w \u017cywicy i PLA. \u2022 Zawiera mocny magnes neodymowy. \u2022 Idealny dla kolekcjoner\u00f3w i fan\u00f3w mem\u00f3w. Kultowa kaczka w wersji premium \u2013 dla koneser\u00f3w humoru.<\/p>\n","protected":false},"featured_media":23006,"template":"","meta":[],"product_brand":[],"product_cat":[1168],"product_tag":[2374,2474,2382],"class_list":{"0":"post-23005","1":"product","2":"type-product","3":"status-publish","4":"has-post-thumbnail","6":"product_cat-magnesy","7":"product_tag-magnes","8":"product_tag-nft","9":"product_tag-prezent","11":"first","12":"instock","13":"shipping-taxable","14":"purchasable","15":"product-type-simple"},"_links":{"self":[{"href":"https:\/\/magicartvalley.com\/index.php\/wp-json\/wp\/v2\/product\/23005","targetHints":{"allow":["GET"]}}],"collection":[{"href":"https:\/\/magicartvalley.com\/index.php\/wp-json\/wp\/v2\/product"}],"about":[{"href":"https:\/\/magicartvalley.com\/index.php\/wp-json\/wp\/v2\/types\/product"}],"version-history":[{"count":2,"href":"https:\/\/magicartvalley.com\/index.php\/wp-json\/wp\/v2\/product\/23005\/revisions"}],"predecessor-version":[{"id":23950,"href":"https:\/\/magicartvalley.com\/index.php\/wp-json\/wp\/v2\/product\/23005\/revisions\/23950"}],"wp:featuredmedia":[{"embeddable":true,"href":"https:\/\/magicartvalley.com\/index.php\/wp-json\/wp\/v2\/media\/23006"}],"wp:attachment":[{"href":"https:\/\/magicartvalley.com\/index.php\/wp-json\/wp\/v2\/media?parent=23005"}],"wp:term":[{"taxonomy":"product_brand","embeddable":true,"href":"https:\/\/magicartvalley.com\/index.php\/wp-json\/wp\/v2\/product_brand?post=23005"},{"taxonomy":"product_cat","embeddable":true,"href":"https:\/\/magicartvalley.com\/index.php\/wp-json\/wp\/v2\/product_cat?post=23005"},{"taxonomy":"product_tag","embeddable":true,"href":"https:\/\/magicartvalley.com\/index.php\/wp-json\/wp\/v2\/product_tag?post=23005"}],"curies":[{"name":"wp","href":"https:\/\/api.w.org\/{rel}","templated":true}]}}