{"id":23991,"date":"2025-10-27T18:17:31","date_gmt":"2025-10-27T17:17:31","guid":{"rendered":"https:\/\/magicartvalley.com\/?post_type=product&#038;p=23991"},"modified":"2025-11-16T19:18:39","modified_gmt":"2025-11-16T18:18:39","slug":"kot-szablon-do-kawy","status":"publish","type":"product","link":"https:\/\/magicartvalley.com\/index.php\/kot-szablon-do-kawy\/","title":{"rendered":"Kot &#8211; Szablon do kawy"},"content":{"rendered":"<p>Szablon do dekoracji kawy z motywem uroczego kota.<br \/>\n\u2022 Idealny do latte art, cappuccino i deser\u00f3w.<br \/>\n\u2022 Wykonany z trwa\u0142ego, \u0142atwego w czyszczeniu materia\u0142u.<br \/>\n\u2022 Pozwala stworzy\u0107 perfekcyjne wzory w kilka sekund.<br \/>\nDodaj odrobin\u0119 kociego uroku do swojej codziennej kawy.<br \/>\nCiesz si\u0119 porann\u0105 kaw\u0105 z odrobin\u0105 rado\u015bci dzi\u0119ki naszemu szablonowi, kt\u00f3ry sprawi, \u017ce ka\u017cda fili\u017canka stanie si\u0119 ma\u0142ym dzie\u0142em sztuki. Zaskocz swoich go\u015bci wyj\u0105tkowymi wzorami i stw\u00f3rz niezapomniane chwile przy kawie!<\/p>\n","protected":false},"excerpt":{"rendered":"<p>Szablon do dekoracji kawy z motywem uroczego kota. \u2022 Idealny do latte art, cappuccino i deser\u00f3w. \u2022 Wykonany z trwa\u0142ego, \u0142atwego w czyszczeniu materia\u0142u. \u2022 Pozwala stworzy\u0107 perfekcyjne wzory w kilka sekund. Dodaj odrobin\u0119 kociego uroku do swojej codziennej kawy. Ciesz si\u0119 porann\u0105 kaw\u0105 z odrobin\u0105 rado\u015bci dzi\u0119ki naszemu szablonowi, kt\u00f3ry sprawi, \u017ce ka\u017cda fili\u017canka stanie si\u0119 ma\u0142ym dzie\u0142em sztuki. Zaskocz swoich go\u015bci wyj\u0105tkowymi wzorami i stw\u00f3rz niezapomniane chwile przy kawie!<\/p>\n","protected":false},"featured_media":23992,"template":"","meta":[],"product_brand":[],"product_cat":[2277],"product_tag":[2386,2489],"class_list":{"0":"post-23991","1":"product","2":"type-product","3":"status-publish","4":"has-post-thumbnail","6":"product_cat-szablony-do-kawy","7":"product_tag-kot","8":"product_tag-szablon-do-kawy","10":"first","11":"instock","12":"shipping-taxable","13":"purchasable","14":"product-type-simple"},"_links":{"self":[{"href":"https:\/\/magicartvalley.com\/index.php\/wp-json\/wp\/v2\/product\/23991","targetHints":{"allow":["GET"]}}],"collection":[{"href":"https:\/\/magicartvalley.com\/index.php\/wp-json\/wp\/v2\/product"}],"about":[{"href":"https:\/\/magicartvalley.com\/index.php\/wp-json\/wp\/v2\/types\/product"}],"version-history":[{"count":3,"href":"https:\/\/magicartvalley.com\/index.php\/wp-json\/wp\/v2\/product\/23991\/revisions"}],"predecessor-version":[{"id":24126,"href":"https:\/\/magicartvalley.com\/index.php\/wp-json\/wp\/v2\/product\/23991\/revisions\/24126"}],"wp:featuredmedia":[{"embeddable":true,"href":"https:\/\/magicartvalley.com\/index.php\/wp-json\/wp\/v2\/media\/23992"}],"wp:attachment":[{"href":"https:\/\/magicartvalley.com\/index.php\/wp-json\/wp\/v2\/media?parent=23991"}],"wp:term":[{"taxonomy":"product_brand","embeddable":true,"href":"https:\/\/magicartvalley.com\/index.php\/wp-json\/wp\/v2\/product_brand?post=23991"},{"taxonomy":"product_cat","embeddable":true,"href":"https:\/\/magicartvalley.com\/index.php\/wp-json\/wp\/v2\/product_cat?post=23991"},{"taxonomy":"product_tag","embeddable":true,"href":"https:\/\/magicartvalley.com\/index.php\/wp-json\/wp\/v2\/product_tag?post=23991"}],"curies":[{"name":"wp","href":"https:\/\/api.w.org\/{rel}","templated":true}]}}